{"id":498,"date":"2021-11-29T17:26:05","date_gmt":"2021-11-29T17:26:05","guid":{"rendered":"https:\/\/ikit.org\/summerinstitute2021\/?page_id=498"},"modified":"2021-11-29T17:44:58","modified_gmt":"2021-11-29T17:44:58","slug":"sessions-videos","status":"publish","type":"page","link":"https:\/\/ikit.org\/summerinstitute2021\/sessions-videos\/","title":{"rendered":"Sessions\/Videos"},"content":{"rendered":"\n<p><strong>\u201cBuilding Knowledge for Public Good: Meeting New People and New Ideas in Knowledge Building\u2019s Metaspace\u201d<\/strong><\/p>\n\n\n\n<p><strong>DAY 1: FRIDAY, NOVEMBER 19, 2021<\/strong><\/p>\n\n\n\n<p><strong>Welcome \u2013<\/strong> Stacy Costa<\/p>\n\n\n\n<p><strong>Meeting in Knowledge Building Collaboratories and Metaspaces to Advance Knowledge for Public Good \u2013 Introduction \u2013 <\/strong><em>Carl Bereiter, Marlene Scardamalia<\/em><br><strong><a href=\"https:\/\/play.library.utoronto.ca\/watch\/1484af0f82c791f6028bde7042f17299\" target=\"_blank\" rel=\"noreferrer noopener\">LINK TO VIDEO RECORDING<\/a><\/strong><\/p>\n\n\n\n<p><strong><u>Session 1 \u2013 Knowledge Building for Public Good: Breakout Sessions<\/u><\/strong><\/p>\n\n\n\n<p><strong><em>Breakout Session #1: Saving the Planet, Saving Lives <\/em>Global Design Studio(s).<em> Facilitator: <\/em><\/strong><em>Monica Resendes.<\/em><br><strong>#025 \u2013<\/strong> Comparing Perspectives in times of Pandemic. <em>Jenny Melo, Laura Calzado.<\/em><br><strong>#028 \u2013<\/strong> Engaging Students in Real World Problem of Sustainable Living: A Case Study of Knowledge Building Design Studio. <em>Chew Lee Teo, Gabrielle Ong, Aloysius Ong, Guangji Yuan, Alwyn Lee.<br><\/em><strong>#032 \u2013<\/strong> Here and There: Community for Everyone, Everywhere. <em>Raadiyah Nazeem, Leanne Ma.<\/em><br><strong><a rel=\"noreferrer noopener\" href=\"https:\/\/play.library.utoronto.ca\/watch\/1484af0f82c791f6028bde7042f17299\" target=\"_blank\">LINK TO VIDEO RECORDING<\/a><\/strong><\/p>\n\n\n\n<p><strong><em>Breakout Session #2: Working Forward: Metaspace Analytics, Expertise, and Exceeding Expectations. Facilitators: <\/em><\/strong><em>Ahmad Khanlari, Preeti Raman.<\/em><br><strong>#009 \u2013<\/strong> Knowledge Building Metaspace: Designs for (Re-)Distributing Expertise and Advancing Knowledge for Public Good. <em>Rob Huang, Leanne Ma, David Osorio, Pere Boluda.<\/em><br><strong>#007 \u2013<\/strong> Analytics of Object-Centered Sociality in Knowledge Forum. <em>Bodong Chen, David Groos.<br><\/em><strong>#020 \u2013<\/strong> Epistemic Cognition: Collaboration Among two Knowledge Building Teacher\u2019s Classrooms: Continuum across Idea Trajectories & Next Steps. <em>Stacy Costa, Fernando D\u00edaz del Castillo, Jennifer Gonzalez.<\/em><br><strong><a rel=\"noreferrer noopener\" href=\"http:\/\/LINK TO VIDEO RECORDING\" target=\"_blank\">LINK TO VIDEO RECORDING<\/a><\/strong><\/p>\n\n\n\n<p><strong><em>Breakout Session #3: Principles-Based Practice and Professional Development: Getting to Deep-Constructivist Practices Together. Facilitator: <\/em><\/strong><em>Dina Soliman<\/em><br><strong>#005 \u2013<\/strong> From belief mode to design mode: An exploration of discourse moves in a professional learning community, a professional learning network, and a global innovation network. <em>Sarah Lu, Leanne Ma.<\/em><br><strong>#027 \u2013<\/strong> Exploring Design of Teachers Knowledge Building Metaspace to Support Asynchronous Cross-Communities Collaboration. <em>Chew Lee Teo, Guangji Yuan, Alwyn Lee, Aloysius Ong, Carol K.K. Chan, Yuyao Tong, Xueqi Feng.<\/em><br><strong><a rel=\"noreferrer noopener\" href=\"https:\/\/play.library.utoronto.ca\/watch\/d28d669efe626c5137336a300e64b310\" target=\"_blank\">LINK TO VIDEO RECORDING<\/a><\/strong><\/p>\n\n\n\n<p><strong>Deepening and Broadening Knowledge Building: Full Group Discussion<\/strong><br><em>Carl Bereiter, Th\u00e9r\u00e8se Laferri\u00e8re<\/em><strong>, <\/strong><em>Richard Reeve, Marlene Scardamalia<\/em><br><strong><a href=\"https:\/\/play.library.utoronto.ca\/watch\/4d167a3a740d13fd22f769549403a039\" target=\"_blank\" rel=\"noreferrer noopener\">LINK TO VIDEO RECORDING<\/a><\/strong><\/p>\n\n\n\n<p><strong>Session 2a \u2013 Students\u2019 engagement<\/strong><br><strong><em>Facilitator:<\/em><\/strong><em> Donald Philip<\/em><br><strong>#019 \u2013<\/strong> Extending the Psychological Infrastructure of Knowledge Building Communities. <em>Shiri Kashi, Yotam Hod.<\/em><br><strong>#018 \u2013<\/strong> A Phenomenological Study into Curiosity and Confusion in Collective Idea Improvement among Elementary Students. <em>Andy Ng, Seng Chee Tan, Chew Lee Teo.<\/em><br><strong>#010 \u2013<\/strong> The Evolution of Creative Drama in Elementary Students\u2019 Reading Based on Knowledge Building. <em>Jiping Jiang, Yibing Zhang, Jie Gao, Donald Philip.<\/em><br><strong>#031 \u2013<\/strong> Examine the use of Knowledge Building in enhancing the effectiveness of Structured Academic Controversy in a Social Studies Classroom. <em>Lin Jiehui, Melvin Chan.<\/em><br><strong>#016 \u2013<\/strong> Ideas-at-the-Centre & the Value of Collaborative Knowledge Building: Educating Physicians About Palliative Care. <em>Leila Lax, Anita Singh, Jamie Meuser, Paolo Mazzotta.<\/em><br><strong><a rel=\"noreferrer noopener\" href=\"https:\/\/play.library.utoronto.ca\/watch\/e5eaf331f8277c682c11c4fd0e0b3e3b\" target=\"_blank\">LINK TO VIDEO RECORDING<\/a><\/strong><\/p>\n\n\n\n<p><strong>Session 2b \u2013 Making Accessible KB through KF<\/strong><br><strong><em>Facilitator:<\/em><\/strong><em> Patricia Brooks<\/em><br><strong>#003<\/strong> \u2013 Towards an Idea-centered, Principle-based Design for Teaching and Learning of L2 Writing. <em>Yun Zhan<\/em>.<br><strong>#024 \u2013<\/strong> Supporting student agency in Knowledge Building in a linguistically diverse secondary science classroom. <em>Patricia Brooks.<\/em><br><strong>#021 \u2013<\/strong> Knowledge Building: Facilitating Metalinguistic Awareness and Scientific Understanding in\u00a0Parallel. <em>Wakana Tsuji, Marlene Scardamalia.<\/em><br><strong>#012 \u2013<\/strong> How to Support Knowledge Building among Deaf and Hard-of-Hearing College Students in a Graphic Design Course. <em>Qifeng Man, Yibing Zhang.<\/em><br><strong><a href=\"https:\/\/play.library.utoronto.ca\/watch\/847d91db6fc22ec45ec61d6a861c3373\" target=\"_blank\" rel=\"noreferrer noopener\">LINK TO VIDEO RECORDING<\/a><\/strong><\/p>\n\n\n\n<p><strong>Session 2c \u2013 Working Session Day 1: Student-Led Design<\/strong><br>Facilitator: Leanne Ma<br><strong>#036 \u2013<\/strong> Learning Analytics Goes to School: Shifting the Paradigm from Student-Centered Design to Student-Led Design. <em>Leanne Ma, Xueqi Feng, Yuyao Tong, Guangji Yuan, Dan Tao, Bodong Chen, Chew Lee Teo, Jianwei Zhang, Mei-Hwa Chen, Jun Oshima, Yoshiaki Matsuzawa, Benjamin Peebles.<\/em><br><strong><a rel=\"noreferrer noopener\" href=\"https:\/\/play.library.utoronto.ca\/watch\/23c585d67765b3676e4e5af3f2d6ac7b\" target=\"_blank\">LINK TO VIDEO RECORDING<\/a><\/strong><\/p>\n\n\n\n<p><strong>Session 3a \u2013 KB Analytics<\/strong><br><strong><em>Facilitator:<\/em><\/strong><em> Ahmad Khanlari<\/em><br><strong>#026 \u2013<\/strong> A Principle-based Approach on Curriculum, Ideas, Learning Analytics and Knowledge Building: A Case Study of a Secondary History Class. <em>Chew Lee Teo, Min Lee, Aloysius Ong.<\/em><br><strong>#006 \u2013<\/strong> Analysis of Knowledge Forum Analytic Tools to Support Portfolio Assessment. <em>Hugo Chang, Sarah Lu.<\/em><br><strong>#030 \u2013<\/strong> Knowledge Building Analytics to Support Teacher Noticing and Scaffolding. <em>Hyejin Park, Jianwei Zhang.<\/em><br><strong>#035 \u2013<\/strong> Design for Emergence: Conceptual and Technology Support for Student-Driven Knowledge Building with ITM. <em>Guangji Yuan, Dan Tao.<\/em><br><strong><a href=\"https:\/\/play.library.utoronto.ca\/watch\/9bcbcbf90641a7f4035a199956263565\" target=\"_blank\" rel=\"noreferrer noopener\">LINK TO VIDEO RECORDING<\/a><\/strong><\/p>\n\n\n\n<p><strong>Session 3b \u2013 Knowledge Building Frameworks<\/strong><br><strong><em>Facilitator:<\/em><\/strong><em> Frank de Jong<\/em><br><strong>#014 \u2013<\/strong> Optimising aspects of \u2018Alterity\u2019 to enhance Student discourse and understanding and attainment. <em>Steven Priddis.<\/em><br><strong>#022 \u2013<\/strong> Knowledge Building Infrastructure Principles: A Beginning Framework and Call-to-Action. <em>Etan Cohen, Yotam Hod<\/em>.<br><strong>#004 \u2013<\/strong> From \u201cMe\u201d to \u201cWe\u201d: The Role of the \u201cThird Teacher\u201d in Fostering Collective Responsibility and Symmetric Knowledge Advancement in Schools. <em>Lori Belford, Leanne Ma.<\/em><br><strong>#017 \u2013<\/strong> Object-Centered Sociality in Knowledge Building. <em>Bodong Chen.<\/em><br><strong><a href=\"https:\/\/play.library.utoronto.ca\/watch\/35c4b3394532e2fecb40dd69bea21b88\" target=\"_blank\" rel=\"noreferrer noopener\">LINK TO VIDEO RECORDING<\/a><\/strong><\/p>\n\n\n\n<p><strong>Session 3c \u2013 Working Session Day 1: Global Communities<\/strong><br><strong><em>Facilitator:<\/em><\/strong><em> Richard Reeve<\/em><br><strong>#002 \u2013<\/strong> Developing new Knowledge Building communities across our global network. <em>Richard Reeve, Monica Resendes.<\/em><br><strong>#015 \u2013<\/strong> Accessing and building on public knowledge created by children as a means to school system regeneration. <em>Niall MacKinnon.<\/em><br><strong><a href=\"https:\/\/play.library.utoronto.ca\/watch\/35c4b3394532e2fecb40dd69bea21b88\" target=\"_blank\" rel=\"noreferrer noopener\">LINK TO VIDEO RECORDING<\/a><\/strong><\/p>\n\n\n\n<p><strong>DAY 2: SATURDAY, NOVEMBER 20, 2021<\/strong><\/p>\n\n\n\n<p><strong>Welcome, KBI Newsletter<\/strong> \u2013 <em>Stacy Costa, Monica Resendes<\/em><br><strong><a href=\"https:\/\/play.library.utoronto.ca\/watch\/35c4b3394532e2fecb40dd69bea21b88\" target=\"_blank\" rel=\"noreferrer noopener\">LINK TO VIDEO RECORDING<\/a><\/strong><\/p>\n\n\n\n<p><strong>Session 4a\u2013 Classroom Implementation I<\/strong><br><strong><em>Facilitator:<\/em><\/strong><em> Dina Soliman<\/em><br><strong>#008 \u2013<\/strong> Idea improvement to advance TPACK by teacher-education students. <em>Chih-Hui Seet, Yi-Ning, Tsai, Huang-Yao, Hong.<\/em><br><strong>#013 \u2013<\/strong> Applying Knowledge Building to Improve the Instructional Design Abilities of Novice Teachers.\u00a0 <em>Jinyan Hu, Yibing Zhang, Donald Philip.<\/em><br><strong>#011<\/strong> \u2013 Intangible Cultural Heritage (paper-cut) Course Design Based on Knowledge Building Theory. <em>Yanan Xin, Yibing Zhang<\/em>.<br><strong>#023 \u2013<\/strong> Use Distance Shortening Strategies to Enhance Opportunistic Collaboration in Knowledge-building Environment. <em>Yujie Chen, Yibing Zhang, Donald Philip.<\/em><br><strong><a href=\"https:\/\/play.library.utoronto.ca\/watch\/61b49cbcebe4897d5add0cc64e8a9d9e\" target=\"_blank\" rel=\"noreferrer noopener\">LINK TO VIDEO RECORDING<\/a><\/strong><\/p>\n\n\n\n<p><strong>Session 2c \u2013 Working Session Day 2: Student-Led Design<\/strong><br><strong><em>Facilitator:<\/em><\/strong><em> Leanne Ma<\/em><br><strong>#036 \u2013<\/strong> Learning Analytics Goes to School: Shifting the Paradigm from Student-Centered Design to Student-Led Design. <em>Leanne Ma, Xueqi Feng, Yuyao Tong, Guangji Yuan, Dan Tao, Bodong Chen, Chew Lee Teo, Jianwei Zhang, Mei-Hwa Chen, Jun Oshima, Yoshiaki Matsuzawa, Benjamin Peebles.<\/em><br><strong><a rel=\"noreferrer noopener\" href=\"https:\/\/play.library.utoronto.ca\/watch\/1037f985bc9aba2df27cf7138e316d5b\" target=\"_blank\">LINK TO VIDEO RECORDING<\/a><\/strong><\/p>\n\n\n\n<p><strong>Session 4b\u2013 Classroom Implementation II<\/strong><br><strong><em>Facilitator:<\/em><\/strong><em> Stefano Cacciamani<\/em><br><strong>#001 \u2013<\/strong> Discussing problems about the implementation of the KB in classroom with teachers: a case analysis of the \u201cClassi in rete\u201d project. <em>Stefano Cacciamani, Giuseppina Rita Jose Mangione<\/em>.<br><strong>#033 \u2013<\/strong> Knowledge Building and Computational Thinking: Exploring Models and Simulations Across the Curriculum. <em>Dina Soliman, Leanne Ma, Benjamin Peebles, Michael Martins, Darlene Martin.<\/em><br><strong>#034 \u2013<\/strong> Engaging Students in Collaborative Computational Thinking through Knowledge Building Robotics. <em>Ahmad Khanlari, Dina Soliman.<\/em><br><strong>#029 \u2013<\/strong> Higher education students perception of the Knowledge Building learning experience: Different levels of engagement within the Knowledge Building community. <em>Paula Rodr\u00edguez-Chirino, Calixto Guti\u00e9rrez-Braojos, Esther Gonz\u00e1lez Tudela.<\/em><br><strong><a href=\"https:\/\/play.library.utoronto.ca\/watch\/4ede6c17bf681bcb0788de7a4b4b65a0\" target=\"_blank\" rel=\"noreferrer noopener\">LINK TO VIDEO RECORDING<\/a><\/strong><\/p>\n\n\n\n<p><strong>Session 3c \u2013 Working Session Day 1: Global Communities<\/strong><br><strong><em>Facilitator:<\/em><\/strong><em> Monica Resendes<\/em><br><strong>#002 \u2013<\/strong> Developing new Knowledge Building communities across our global network. <em>Richard Reeve, Monica Resendes.<\/em><br><strong><a href=\"https:\/\/play.library.utoronto.ca\/watch\/55b1055c041541704967694ef12ac2af\" target=\"_blank\" rel=\"noreferrer noopener\">LINK TO VIDEO RECORDING<\/a><\/strong><\/p>\n\n\n\n<p><strong>Building on KBSI2021: Moving forward! \u2013 <\/strong><em>Richard Reeve, Th\u00e9r\u00e8se Laferri\u00e8re<\/em><br><strong><a href=\"https:\/\/play.library.utoronto.ca\/watch\/ac9851adc007fab47de78497233a75f4\" target=\"_blank\" rel=\"noreferrer noopener\">LINK TO VIDEO RECORDING<\/a><\/strong><\/p>\n","protected":false},"excerpt":{"rendered":"<p>\u201cBuilding Knowledge for Public Good: Meeting New People and New Ideas in Knowledge Building\u2019s Metaspace\u201d DAY 1: FRIDAY, NOVEMBER 19, 2021 Welcome \u2013 Stacy Costa Meeting in Knowledge Building Collaboratories and Metaspaces to Advance Knowledge for Public Good \u2013 Introduction \u2013 Carl Bereiter, Marlene ScardamaliaLINK TO VIDEO RECORDING Session 1 \u2013 Knowledge Building for Public Good: Breakout Sessions Breakout Session #1: Saving the Planet, Saving Lives Global Design Studio(s). Facilitator:&hellip;<\/p>\n","protected":false},"author":3,"featured_media":0,"parent":0,"menu_order":0,"comment_status":"closed","ping_status":"closed","template":"","meta":{"footnotes":""},"class_list":["post-498","page","type-page","status-publish","hentry"],"_links":{"self":[{"href":"https:\/\/ikit.org\/summerinstitute2021\/wp-json\/wp\/v2\/pages\/498","targetHints":{"allow":["GET"]}}],"collection":[{"href":"https:\/\/ikit.org\/summerinstitute2021\/wp-json\/wp\/v2\/pages"}],"about":[{"href":"https:\/\/ikit.org\/summerinstitute2021\/wp-json\/wp\/v2\/types\/page"}],"author":[{"embeddable":true,"href":"https:\/\/ikit.org\/summerinstitute2021\/wp-json\/wp\/v2\/users\/3"}],"replies":[{"embeddable":true,"href":"https:\/\/ikit.org\/summerinstitute2021\/wp-json\/wp\/v2\/comments?post=498"}],"version-history":[{"count":4,"href":"https:\/\/ikit.org\/summerinstitute2021\/wp-json\/wp\/v2\/pages\/498\/revisions"}],"predecessor-version":[{"id":508,"href":"https:\/\/ikit.org\/summerinstitute2021\/wp-json\/wp\/v2\/pages\/498\/revisions\/508"}],"wp:attachment":[{"href":"https:\/\/ikit.org\/summerinstitute2021\/wp-json\/wp\/v2\/media?parent=498"}],"curies":[{"name":"wp","href":"https:\/\/api.w.org\/{rel}","templated":true}]}}