{"id":435,"date":"2021-06-21T18:01:17","date_gmt":"2021-06-21T18:01:17","guid":{"rendered":"https:\/\/ikit.org\/summerinstitute2021\/?page_id=435"},"modified":"2021-11-29T17:31:39","modified_gmt":"2021-11-29T17:31:39","slug":"program-committee","status":"publish","type":"page","link":"https:\/\/ikit.org\/summerinstitute2021\/program-committee\/","title":{"rendered":"Thanks"},"content":{"rendered":"\t\t<div data-elementor-type=\"wp-page\" data-elementor-id=\"435\" class=\"elementor elementor-435\">\n\t\t\t\t\t\t<section class=\"elementor-section elementor-top-section elementor-element elementor-element-29676d7 elementor-section-boxed elementor-section-height-default elementor-section-height-default\" data-id=\"29676d7\" data-element_type=\"section\" data-e-type=\"section\">\n\t\t\t\t\t\t<div class=\"elementor-container elementor-column-gap-default\">\n\t\t\t\t\t<div class=\"elementor-column elementor-col-100 elementor-top-column elementor-element elementor-element-283b321a\" data-id=\"283b321a\" data-element_type=\"column\" data-e-type=\"column\">\n\t\t\t<div class=\"elementor-widget-wrap elementor-element-populated\">\n\t\t\t\t\t\t<div class=\"elementor-element elementor-element-48d9fadc elementor-widget elementor-widget-text-editor\" data-id=\"48d9fadc\" data-element_type=\"widget\" data-e-type=\"widget\" data-widget_type=\"text-editor.default\">\n\t\t\t\t<div class=\"elementor-widget-container\">\n\t\t\t\t\t\t\t\t\t<p><\/p>\n<p><strong style=\"font-size: 16px;\"><span style=\"color: #006d8f;\">A Special Thanks to:<\/span><\/strong><\/p>\n<div>\u00a0<\/div>\n<div><strong><span style=\"color: #006d8f;\">KBSI2021 Program Committee<\/span><\/strong><br \/>Bastienne Bernasco-Otten<br \/>Renato Carvalho<br \/>Stacy Costa<br \/>Frank de Jong<br \/>Robert Huang<br \/>Susana La Rosa<br \/>Sandy McAuley<br \/>Richard Reeve<br \/>Monica Resendes<br \/>Dina Soliman<br \/><span style=\"color: #006d8f;\"><br \/><\/span><strong><span style=\"color: #006d8f;\">KBI Board<\/span><\/strong><br \/>Carl Bereiter, Director<\/div>\n<div>Kate Bielaczyc, Vice President<br \/>Th\u00e9r\u00e8se Laferri\u00e8re, President<br \/>Susana La Rosa, Secretary<br \/>Richard Reeve, Treasurer<br \/>Marlene Scardamalia, Director<\/div>\n<div>\u00a0<\/div>\n<div>\n<div><strong><span style=\"color: #006d8f;\">Consultants<br \/><\/span><\/strong>Carl Bereiter<\/div>\n<div>Patricia Brooks<\/div>\n<div>Stefano Cacciamani<\/div>\n<div>Renato Carvalho<\/div>\n<div>Carol Chan<\/div>\n<div>Bodong Chen<\/div>\n<div>Stacy Costa<\/div>\n<div>Frank de Jong<\/div>\n<div>Fernando Diaz del Castillo<\/div>\n<div>Sharon Friesen<\/div>\n<div>Calixto Gutierrez-Braojos<\/div>\n<div>Peter Hayes<br \/>Yotam Hod<\/div>\n<div>Huang-Yao Hong<\/div>\n<div>Rob Huang<\/div>\n<div>Ahmad Khanlari<\/div>\n<div>Leila Lax<\/div>\n<div>Sarah Lu<\/div>\n<div>Leanne Ma<\/div>\n<div>Niall Mackinnon<\/div>\n<div>Alexander McAuley<\/div>\n<div>Jun Oshima<\/div>\n<div>Ritsuko Oshima<\/div>\n<div>Hyejin Jiny Park<\/div>\n<div>Don Philip<\/div>\n<div>Preeti Raman<\/div>\n<div>Richard Reeve<\/div>\n<div>Dina Soliman<\/div>\n<div>Wakana Tsuji<\/div>\n<div>Thomas Underwood<\/div>\n<div>Yibing Zhang<\/div>\n<div>Goaxia Zhu<\/div>\n<div>\u00a0<\/div>\n<div>\n<div><strong><span style=\"color: #006d8f;\">Facilitators<\/span><\/strong><\/div>\n<div>Carl Bereiter<\/div>\n<div>Patricia Brooks<\/div>\n<div>Stefano Cacciamani<\/div>\n<div>Frank de Jong<\/div>\n<div>Ahmad Khanlari<\/div>\n<div>Th\u00e9r\u00e8se Laferri\u00e8re<\/div>\n<div>Leanne Ma<\/div>\n<div>Don Philip<\/div>\n<div>Preeti Raman<\/div>\n<div>Richard Reeve<\/div>\n<div>Monica Resendes<\/div>\n<div>Marlene Scardamalia<\/div>\n<div>Dina Soliman<\/div>\n<div>\u00a0<\/div>\n<div>\n<div><strong><span style=\"color: #006d8f;\">Knowledge Forum Support<\/span><\/strong><\/div>\n<div>Mei-Hwa Chen<\/div>\n<div>Ninad Chaudhari<\/div>\n<div>\u00a0<\/div>\n<div>\n<div><strong><span style=\"color: #006d8f;\">Zoom Support<\/span><\/strong><br \/>Renato Carvalho<\/div>\n<div>Stacy Costa<\/div>\n<div>Rob Huang<\/div>\n<div>Ahmad Khanlari<\/div>\n<div>Susana La Rosa<\/div>\n<div>Monica Resendes<\/div>\n<div>Dina Soliman<\/div>\n<\/div>\n<\/div>\n<\/div>\n<\/div>\n<p><\/p>\t\t\t\t\t\t\t\t<\/div>\n\t\t\t\t<\/div>\n\t\t\t\t\t<\/div>\n\t\t<\/div>\n\t\t\t\t\t<\/div>\n\t\t<\/section>\n\t\t\t\t<\/div>\n\t\t","protected":false},"excerpt":{"rendered":"<p>A Special Thanks to: \u00a0 KBSI2021 Program CommitteeBastienne Bernasco-OttenRenato CarvalhoStacy CostaFrank de JongRobert HuangSusana La RosaSandy McAuleyRichard ReeveMonica ResendesDina Soliman KBI BoardCarl Bereiter, Director Kate Bielaczyc, Vice PresidentTh\u00e9r\u00e8se Laferri\u00e8re, PresidentSusana La Rosa, SecretaryRichard Reeve, TreasurerMarlene Scardamalia, Director \u00a0 ConsultantsCarl Bereiter Patricia Brooks Stefano Cacciamani Renato Carvalho Carol Chan Bodong Chen Stacy Costa Frank de Jong Fernando Diaz del Castillo Sharon Friesen Calixto Gutierrez-Braojos Peter HayesYotam Hod Huang-Yao Hong Rob Huang&hellip;<\/p>\n","protected":false},"author":3,"featured_media":0,"parent":0,"menu_order":0,"comment_status":"closed","ping_status":"closed","template":"","meta":{"footnotes":""},"class_list":["post-435","page","type-page","status-publish","hentry"],"_links":{"self":[{"href":"https:\/\/ikit.org\/summerinstitute2021\/wp-json\/wp\/v2\/pages\/435","targetHints":{"allow":["GET"]}}],"collection":[{"href":"https:\/\/ikit.org\/summerinstitute2021\/wp-json\/wp\/v2\/pages"}],"about":[{"href":"https:\/\/ikit.org\/summerinstitute2021\/wp-json\/wp\/v2\/types\/page"}],"author":[{"embeddable":true,"href":"https:\/\/ikit.org\/summerinstitute2021\/wp-json\/wp\/v2\/users\/3"}],"replies":[{"embeddable":true,"href":"https:\/\/ikit.org\/summerinstitute2021\/wp-json\/wp\/v2\/comments?post=435"}],"version-history":[{"count":5,"href":"https:\/\/ikit.org\/summerinstitute2021\/wp-json\/wp\/v2\/pages\/435\/revisions"}],"predecessor-version":[{"id":505,"href":"https:\/\/ikit.org\/summerinstitute2021\/wp-json\/wp\/v2\/pages\/435\/revisions\/505"}],"wp:attachment":[{"href":"https:\/\/ikit.org\/summerinstitute2021\/wp-json\/wp\/v2\/media?parent=435"}],"curies":[{"name":"wp","href":"https:\/\/api.w.org\/{rel}","templated":true}]}}